{"id":12,"date":"2020-09-13T18:13:36","date_gmt":"2020-09-13T18:13:36","guid":{"rendered":"http:\/\/ozcebehukuk.com\/?page_id=12"},"modified":"2020-09-14T08:12:54","modified_gmt":"2020-09-14T08:12:54","slug":"basin-haberleri","status":"publish","type":"page","link":"http:\/\/ozcebehukuk.com\/index.php\/basin-haberleri\/","title":{"rendered":"Bas\u0131n Haberleri"},"content":{"rendered":"\t\t<div data-elementor-type=\"wp-page\" data-elementor-id=\"12\" class=\"elementor elementor-12\" data-elementor-settings=\"[]\">\n\t\t\t\t\t\t<div class=\"elementor-inner\">\n\t\t\t\t\t\t\t<div class=\"elementor-section-wrap\">\n\t\t\t\t\t\t\t<section class=\"elementor-section elementor-top-section elementor-element elementor-element-4ecbc70 elementor-section-boxed elementor-section-height-default elementor-section-height-default\" data-id=\"4ecbc70\" data-element_type=\"section\">\n\t\t\t\t\t\t<div class=\"elementor-container elementor-column-gap-default\">\n\t\t\t\t\t\t\t<div class=\"elementor-row\">\n\t\t\t\t\t<div class=\"elementor-column elementor-col-100 elementor-top-column elementor-element elementor-element-3500924\" data-id=\"3500924\" data-element_type=\"column\">\n\t\t\t<div class=\"elementor-column-wrap elementor-element-populated\">\n\t\t\t\t\t\t\t<div class=\"elementor-widget-wrap\">\n\t\t\t\t\t\t<div class=\"elementor-element elementor-element-4fdc9a6 elementor-grid-3 elementor-grid-tablet-2 elementor-grid-mobile-1 elementor-posts--thumbnail-top elementor-card-shadow-yes elementor-posts__hover-gradient elementor-widget elementor-widget-posts\" data-id=\"4fdc9a6\" data-element_type=\"widget\" data-settings=\"{&quot;cards_columns&quot;:&quot;3&quot;,&quot;cards_columns_tablet&quot;:&quot;2&quot;,&quot;cards_columns_mobile&quot;:&quot;1&quot;,&quot;cards_row_gap&quot;:{&quot;unit&quot;:&quot;px&quot;,&quot;size&quot;:35,&quot;sizes&quot;:[]}}\" data-widget_type=\"posts.cards\">\n\t\t\t\t<div class=\"elementor-widget-container\">\n\t\t\t\t\t<div class=\"elementor-posts-container elementor-posts elementor-posts--skin-cards elementor-grid\">\n\t\t\t\t<article class=\"elementor-post elementor-grid-item post-92 post type-post status-publish format-standard has-post-thumbnail hentry category-sinerji\">\n\t\t\t<div class=\"elementor-post__card\">\n\t\t\t\t<a class=\"elementor-post__thumbnail__link\" href=\"http:\/\/ozcebehukuk.com\/index.php\/2020\/09\/14\/urteb-rekabet-merkezi-ogrencileri-yurtdisina-staja-gonderiyor\/\" >\n\t\t\t<div class=\"elementor-post__thumbnail\"><img width=\"494\" height=\"775\" src=\"http:\/\/ozcebehukuk.com\/wp-content\/uploads\/2020\/09\/af0aa8f454fbd334ca8dda6776d4a4f2.jpg\" class=\"attachment-large size-large\" alt=\"\" loading=\"lazy\" srcset=\"http:\/\/ozcebehukuk.com\/wp-content\/uploads\/2020\/09\/af0aa8f454fbd334ca8dda6776d4a4f2.jpg 494w, http:\/\/ozcebehukuk.com\/wp-content\/uploads\/2020\/09\/af0aa8f454fbd334ca8dda6776d4a4f2-191x300.jpg 191w\" sizes=\"(max-width: 494px) 100vw, 494px\" \/><\/div>\n\t\t<\/a>\n\t\t\t\t<div class=\"elementor-post__text\">\n\t\t\t\t<h3 class=\"elementor-post__title\">\n\t\t\t<a href=\"http:\/\/ozcebehukuk.com\/index.php\/2020\/09\/14\/urteb-rekabet-merkezi-ogrencileri-yurtdisina-staja-gonderiyor\/\" >\n\t\t\t\tURTEB Rekabet Merkezi \u00f6\u011frencileri yurtd\u0131\u015f\u0131na staja g\u00f6nderiyor.\t\t\t<\/a>\n\t\t<\/h3>\n\t\t\t\t<div class=\"elementor-post__excerpt\">\n\t\t\t<p>URTEB Rekabet Merkezi, b\u00fcnyesinde etkin olarak g\u00f6rev alan, e\u011fitim ve programlara kat\u0131lan g\u00f6n\u00fcll\u00fc \u00f6\u011frencileri, Avrupa\u2019n\u0131n \u00e7e\u015fitli \u00fclkelerinde anla\u015fmal\u0131 oldu\u011fu kurumlara stajyer olarak g\u00f6nderiyor. Uluslararas\u0131 Rekabet ve Teknoloji Birli\u011fi, 2019 \u015eubat ay\u0131nda Bursa Uluda\u011f \u00dcniversitesi\u2019nde a\u00e7t\u0131\u011f\u0131 Rekabet Merkezi ile birlikte \u00e7al\u0131\u015fma rotas\u0131n\u0131 \u00fcniversite \u00f6\u011frencilerine \u00e7evirdi. Merkez arac\u0131l\u0131\u011f\u0131yla \u00fcniversite-sanayi i\u015fbirli\u011fini geli\u015ftirebilecek \u00e7e\u015fitli<\/p>\n\t\t<\/div>\n\t\t\t\t\t<a class=\"elementor-post__read-more\" href=\"http:\/\/ozcebehukuk.com\/index.php\/2020\/09\/14\/urteb-rekabet-merkezi-ogrencileri-yurtdisina-staja-gonderiyor\/\" >\n\t\t\t\tDevam\u0131n\u0131 Oku \u00bb\t\t\t<\/a>\n\t\t\t\t<\/div>\n\t\t\t\t\t<\/div>\n\t\t<\/article>\n\t\t\t\t<article class=\"elementor-post elementor-grid-item post-90 post type-post status-publish format-standard has-post-thumbnail hentry category-sinerji\">\n\t\t\t<div class=\"elementor-post__card\">\n\t\t\t\t<a class=\"elementor-post__thumbnail__link\" href=\"http:\/\/ozcebehukuk.com\/index.php\/2020\/09\/14\/haksiz-rekabete-iliskin-ttknin-55-maddesi-zeynep\/\" >\n\t\t\t<div class=\"elementor-post__thumbnail\"><img width=\"750\" height=\"454\" src=\"http:\/\/ozcebehukuk.com\/wp-content\/uploads\/2020\/09\/sl1-2-1024x620.jpg\" class=\"attachment-large size-large\" alt=\"\" loading=\"lazy\" srcset=\"http:\/\/ozcebehukuk.com\/wp-content\/uploads\/2020\/09\/sl1-2-1024x620.jpg 1024w, http:\/\/ozcebehukuk.com\/wp-content\/uploads\/2020\/09\/sl1-2-300x182.jpg 300w, http:\/\/ozcebehukuk.com\/wp-content\/uploads\/2020\/09\/sl1-2-768x465.jpg 768w, http:\/\/ozcebehukuk.com\/wp-content\/uploads\/2020\/09\/sl1-2-1536x929.jpg 1536w, http:\/\/ozcebehukuk.com\/wp-content\/uploads\/2020\/09\/sl1-2-2048x1239.jpg 2048w\" sizes=\"(max-width: 750px) 100vw, 750px\" \/><\/div>\n\t\t<\/a>\n\t\t\t\t<div class=\"elementor-post__text\">\n\t\t\t\t<h3 class=\"elementor-post__title\">\n\t\t\t<a href=\"http:\/\/ozcebehukuk.com\/index.php\/2020\/09\/14\/haksiz-rekabete-iliskin-ttknin-55-maddesi-zeynep\/\" >\n\t\t\t\tHaks\u0131z rekabete ili\u015fkin TTK\u2019n\u0131n 55. maddesi\t\t\t<\/a>\n\t\t<\/h3>\n\t\t\t\t<div class=\"elementor-post__excerpt\">\n\t\t\t<p>Haks\u0131z rekabete ili\u015fkin \u00f6zel hukuku ilgilendiren h\u00fck\u00fcmler; rakipleri, m\u00fc\u015fteri konumunda bulunan t\u00fcketicileri ve \u00fclkenin ticari piyasalar\u0131n\u0131 korumak ad\u0131na getirilen d\u00fczenlemelerdir. 6102 say\u0131l\u0131 kanunun 54 ve 63. maddeleri de haks\u0131z rekabet h\u00fck\u00fcmlerini d\u00fczenlemektedir. 54. maddede genel olarak; kat\u0131lanlar\u0131n menfaatine d\u00fcr\u00fcst ve bozulmam\u0131\u015f rekabetin sa\u011flanmas\u0131n\u0131n ama\u00e7land\u0131\u011f\u0131 belirtilmi\u015f ve haks\u0131z rekabetin genel tan\u0131m\u0131<\/p>\n\t\t<\/div>\n\t\t\t\t\t<a class=\"elementor-post__read-more\" href=\"http:\/\/ozcebehukuk.com\/index.php\/2020\/09\/14\/haksiz-rekabete-iliskin-ttknin-55-maddesi-zeynep\/\" >\n\t\t\t\tDevam\u0131n\u0131 Oku \u00bb\t\t\t<\/a>\n\t\t\t\t<\/div>\n\t\t\t\t\t<\/div>\n\t\t<\/article>\n\t\t\t\t<article class=\"elementor-post elementor-grid-item post-58 post type-post status-publish format-standard has-post-thumbnail hentry category-basin-haberleri\">\n\t\t\t<div class=\"elementor-post__card\">\n\t\t\t\t<a class=\"elementor-post__thumbnail__link\" href=\"http:\/\/ozcebehukuk.com\/index.php\/2020\/09\/13\/urtebden-busiada-nezaket-ziyareti\/\" >\n\t\t\t<div class=\"elementor-post__thumbnail\"><img width=\"750\" height=\"530\" src=\"http:\/\/ozcebehukuk.com\/wp-content\/uploads\/2020\/09\/13344711_898178450293301_6171793262294164165_n.jpg\" class=\"attachment-large size-large\" alt=\"\" loading=\"lazy\" srcset=\"http:\/\/ozcebehukuk.com\/wp-content\/uploads\/2020\/09\/13344711_898178450293301_6171793262294164165_n.jpg 960w, http:\/\/ozcebehukuk.com\/wp-content\/uploads\/2020\/09\/13344711_898178450293301_6171793262294164165_n-300x212.jpg 300w, http:\/\/ozcebehukuk.com\/wp-content\/uploads\/2020\/09\/13344711_898178450293301_6171793262294164165_n-768x542.jpg 768w\" sizes=\"(max-width: 750px) 100vw, 750px\" \/><\/div>\n\t\t<\/a>\n\t\t\t\t<div class=\"elementor-post__text\">\n\t\t\t\t<h3 class=\"elementor-post__title\">\n\t\t\t<a href=\"http:\/\/ozcebehukuk.com\/index.php\/2020\/09\/13\/urtebden-busiada-nezaket-ziyareti\/\" >\n\t\t\t\tURTEB&#8217;den BUS\u0130AD\u2019a nezaket ziyareti\t\t\t<\/a>\n\t\t<\/h3>\n\t\t\t\t<div class=\"elementor-post__excerpt\">\n\t\t\t<p>Bursa ve T\u00fcrkiye ekonomisine b\u00fcy\u00fck katma de\u011fer sa\u011flayan \u00fcyeleri ile sivil ekonomik toplumda g\u00fc\u00e7 birli\u011finin ifadesi olan Bursa Sanayicileri ve \u0130\u015fadamlar\u0131 Derne\u011fi (BUS\u0130AD), Uluslararas\u0131 Rekabet ve Teknoloji Birli\u011fi (URTEB) y\u00f6netim kurulu \u00fcyelerini a\u011f\u0131rlad\u0131. Konuyla ilgili bas\u0131n b\u00fclteni a\u015fa\u011f\u0131dad\u0131r. URTEB&#8217;den BUS\u0130AD\u2019a nezaket ziyareti Ge\u00e7ti\u011fimiz Ocak ay\u0131nda ger\u00e7ekle\u015ftirdi\u011fi genel kurul sonras\u0131 g\u00f6revi<\/p>\n\t\t<\/div>\n\t\t\t\t\t<a class=\"elementor-post__read-more\" href=\"http:\/\/ozcebehukuk.com\/index.php\/2020\/09\/13\/urtebden-busiada-nezaket-ziyareti\/\" >\n\t\t\t\tDevam\u0131n\u0131 Oku \u00bb\t\t\t<\/a>\n\t\t\t\t<\/div>\n\t\t\t\t\t<\/div>\n\t\t<\/article>\n\t\t\t\t<article class=\"elementor-post elementor-grid-item post-55 post type-post status-publish format-standard has-post-thumbnail hentry category-basin-haberleri\">\n\t\t\t<div class=\"elementor-post__card\">\n\t\t\t\t<a class=\"elementor-post__thumbnail__link\" href=\"http:\/\/ozcebehukuk.com\/index.php\/2020\/09\/13\/rekabet-kurulu-kararlari\/\" >\n\t\t\t<div class=\"elementor-post__thumbnail\"><img width=\"394\" height=\"236\" src=\"http:\/\/ozcebehukuk.com\/wp-content\/uploads\/2020\/09\/Rekabet-Kurulu-Kararlar\u01311.jpg\" class=\"attachment-large size-large\" alt=\"\" loading=\"lazy\" srcset=\"http:\/\/ozcebehukuk.com\/wp-content\/uploads\/2020\/09\/Rekabet-Kurulu-Kararlar\u01311.jpg 394w, http:\/\/ozcebehukuk.com\/wp-content\/uploads\/2020\/09\/Rekabet-Kurulu-Kararlar\u01311-300x180.jpg 300w\" sizes=\"(max-width: 394px) 100vw, 394px\" \/><\/div>\n\t\t<\/a>\n\t\t\t\t<div class=\"elementor-post__text\">\n\t\t\t\t<h3 class=\"elementor-post__title\">\n\t\t\t<a href=\"http:\/\/ozcebehukuk.com\/index.php\/2020\/09\/13\/rekabet-kurulu-kararlari\/\" >\n\t\t\t\tRekabet Kurulu Kararlar\u0131&#8230;\t\t\t<\/a>\n\t\t<\/h3>\n\t\t\t\t<div class=\"elementor-post__excerpt\">\n\t\t\t<p>5 Haz\u0131r beton \u00fcreticisine ceza ya\u011fd\u0131.<\/p>\n\t\t<\/div>\n\t\t\t\t\t<a class=\"elementor-post__read-more\" href=\"http:\/\/ozcebehukuk.com\/index.php\/2020\/09\/13\/rekabet-kurulu-kararlari\/\" >\n\t\t\t\tDevam\u0131n\u0131 Oku \u00bb\t\t\t<\/a>\n\t\t\t\t<\/div>\n\t\t\t\t\t<\/div>\n\t\t<\/article>\n\t\t\t\t<article class=\"elementor-post elementor-grid-item post-52 post type-post status-publish format-standard has-post-thumbnail hentry category-basin-haberleri\">\n\t\t\t<div class=\"elementor-post__card\">\n\t\t\t\t<a class=\"elementor-post__thumbnail__link\" href=\"http:\/\/ozcebehukuk.com\/index.php\/2020\/09\/13\/turk-telekomunikasyon-a-s-ye-rekor-ceza\/\" >\n\t\t\t<div class=\"elementor-post__thumbnail\"><img width=\"592\" height=\"360\" src=\"http:\/\/ozcebehukuk.com\/wp-content\/uploads\/2020\/09\/tt1.jpg\" class=\"attachment-large size-large\" alt=\"\" loading=\"lazy\" srcset=\"http:\/\/ozcebehukuk.com\/wp-content\/uploads\/2020\/09\/tt1.jpg 592w, http:\/\/ozcebehukuk.com\/wp-content\/uploads\/2020\/09\/tt1-300x182.jpg 300w\" sizes=\"(max-width: 592px) 100vw, 592px\" \/><\/div>\n\t\t<\/a>\n\t\t\t\t<div class=\"elementor-post__text\">\n\t\t\t\t<h3 class=\"elementor-post__title\">\n\t\t\t<a href=\"http:\/\/ozcebehukuk.com\/index.php\/2020\/09\/13\/turk-telekomunikasyon-a-s-ye-rekor-ceza\/\" >\n\t\t\t\tT\u00fcrk Telekom\u00fcnikasyon A.\u015e.&#8217;ye Rekor Ceza\t\t\t<\/a>\n\t\t<\/h3>\n\t\t\t\t<div class=\"elementor-post__excerpt\">\n\t\t\t\t\t<\/div>\n\t\t\t\t\t<a class=\"elementor-post__read-more\" href=\"http:\/\/ozcebehukuk.com\/index.php\/2020\/09\/13\/turk-telekomunikasyon-a-s-ye-rekor-ceza\/\" >\n\t\t\t\tDevam\u0131n\u0131 Oku \u00bb\t\t\t<\/a>\n\t\t\t\t<\/div>\n\t\t\t\t\t<\/div>\n\t\t<\/article>\n\t\t\t\t<article class=\"elementor-post elementor-grid-item post-49 post type-post status-publish format-standard has-post-thumbnail hentry category-basin-haberleri\">\n\t\t\t<div class=\"elementor-post__card\">\n\t\t\t\t<a class=\"elementor-post__thumbnail__link\" href=\"http:\/\/ozcebehukuk.com\/index.php\/2020\/09\/13\/rekabet-kurulu-ndan-eczacilara-sorusturma\/\" >\n\t\t\t<div class=\"elementor-post__thumbnail\"><img width=\"602\" height=\"372\" src=\"http:\/\/ozcebehukuk.com\/wp-content\/uploads\/2020\/09\/ecza.jpg\" class=\"attachment-large size-large\" alt=\"\" loading=\"lazy\" srcset=\"http:\/\/ozcebehukuk.com\/wp-content\/uploads\/2020\/09\/ecza.jpg 602w, http:\/\/ozcebehukuk.com\/wp-content\/uploads\/2020\/09\/ecza-300x185.jpg 300w\" sizes=\"(max-width: 602px) 100vw, 602px\" \/><\/div>\n\t\t<\/a>\n\t\t\t\t<div class=\"elementor-post__text\">\n\t\t\t\t<h3 class=\"elementor-post__title\">\n\t\t\t<a href=\"http:\/\/ozcebehukuk.com\/index.php\/2020\/09\/13\/rekabet-kurulu-ndan-eczacilara-sorusturma\/\" >\n\t\t\t\tRekabet Kurulu&#8217; ndan Eczac\u0131lara Soru\u015fturma\t\t\t<\/a>\n\t\t<\/h3>\n\t\t\t\t<div class=\"elementor-post__excerpt\">\n\t\t\t\t\t<\/div>\n\t\t\t\t\t<a class=\"elementor-post__read-more\" href=\"http:\/\/ozcebehukuk.com\/index.php\/2020\/09\/13\/rekabet-kurulu-ndan-eczacilara-sorusturma\/\" >\n\t\t\t\tDevam\u0131n\u0131 Oku \u00bb\t\t\t<\/a>\n\t\t\t\t<\/div>\n\t\t\t\t\t<\/div>\n\t\t<\/article>\n\t\t\t\t<article class=\"elementor-post elementor-grid-item post-46 post type-post status-publish format-standard has-post-thumbnail hentry category-basin-haberleri\">\n\t\t\t<div class=\"elementor-post__card\">\n\t\t\t\t<a class=\"elementor-post__thumbnail__link\" href=\"http:\/\/ozcebehukuk.com\/index.php\/2020\/09\/13\/rekabet-kurulu-10-hazir-beton-sirketine-sorusturma\/\" >\n\t\t\t<div class=\"elementor-post__thumbnail\"><img width=\"594\" height=\"371\" src=\"http:\/\/ozcebehukuk.com\/wp-content\/uploads\/2020\/09\/10-haz\u0131r-beton.jpg\" class=\"attachment-large size-large\" alt=\"\" loading=\"lazy\" srcset=\"http:\/\/ozcebehukuk.com\/wp-content\/uploads\/2020\/09\/10-haz\u0131r-beton.jpg 594w, http:\/\/ozcebehukuk.com\/wp-content\/uploads\/2020\/09\/10-haz\u0131r-beton-300x187.jpg 300w\" sizes=\"(max-width: 594px) 100vw, 594px\" \/><\/div>\n\t\t<\/a>\n\t\t\t\t<div class=\"elementor-post__text\">\n\t\t\t\t<h3 class=\"elementor-post__title\">\n\t\t\t<a href=\"http:\/\/ozcebehukuk.com\/index.php\/2020\/09\/13\/rekabet-kurulu-10-hazir-beton-sirketine-sorusturma\/\" >\n\t\t\t\tRekabet Kurulu 10 Haz\u0131r Beton \u015eirketine Soru\u015fturma\t\t\t<\/a>\n\t\t<\/h3>\n\t\t\t\t<div class=\"elementor-post__excerpt\">\n\t\t\t\t\t<\/div>\n\t\t\t\t\t<a class=\"elementor-post__read-more\" href=\"http:\/\/ozcebehukuk.com\/index.php\/2020\/09\/13\/rekabet-kurulu-10-hazir-beton-sirketine-sorusturma\/\" >\n\t\t\t\tDevam\u0131n\u0131 Oku \u00bb\t\t\t<\/a>\n\t\t\t\t<\/div>\n\t\t\t\t\t<\/div>\n\t\t<\/article>\n\t\t\t\t<article class=\"elementor-post elementor-grid-item post-43 post type-post status-publish format-standard has-post-thumbnail hentry category-sinerji\">\n\t\t\t<div class=\"elementor-post__card\">\n\t\t\t\t<a class=\"elementor-post__thumbnail__link\" href=\"http:\/\/ozcebehukuk.com\/index.php\/2020\/09\/13\/elektronik-ortamda-haksiz-rekabet-halleri-2\/\" >\n\t\t\t<div class=\"elementor-post__thumbnail\"><img width=\"750\" height=\"417\" src=\"http:\/\/ozcebehukuk.com\/wp-content\/uploads\/2020\/09\/Slide01-1024x569.png\" class=\"attachment-large size-large\" alt=\"\" loading=\"lazy\" srcset=\"http:\/\/ozcebehukuk.com\/wp-content\/uploads\/2020\/09\/Slide01-1024x569.png 1024w, http:\/\/ozcebehukuk.com\/wp-content\/uploads\/2020\/09\/Slide01-300x167.png 300w, http:\/\/ozcebehukuk.com\/wp-content\/uploads\/2020\/09\/Slide01-768x427.png 768w, http:\/\/ozcebehukuk.com\/wp-content\/uploads\/2020\/09\/Slide01-1536x853.png 1536w, http:\/\/ozcebehukuk.com\/wp-content\/uploads\/2020\/09\/Slide01.png 1600w\" sizes=\"(max-width: 750px) 100vw, 750px\" \/><\/div>\n\t\t<\/a>\n\t\t\t\t<div class=\"elementor-post__text\">\n\t\t\t\t<h3 class=\"elementor-post__title\">\n\t\t\t<a href=\"http:\/\/ozcebehukuk.com\/index.php\/2020\/09\/13\/elektronik-ortamda-haksiz-rekabet-halleri-2\/\" >\n\t\t\t\tELEKTRON\u0130K ORTAMDA HAKSIZ REKABET HALLER\u0130   (2)\t\t\t<\/a>\n\t\t<\/h3>\n\t\t\t\t<div class=\"elementor-post__excerpt\">\n\t\t\t<p>G\u00fcn\u00fcm\u00fcz teknolojisinde , t\u00fcketicilerin internet ortam\u0131nda ihtiya\u00e7lar\u0131n\u0131 gidermesi nedeniyle &nbsp;ticaret h\u0131zla bu alana kaym\u0131\u015f, bu durumda sanal alanda ticaret yapan \u015firketlerin elektronik ortamda haks\u0131z rekabete u\u011framalar\u0131na yol a\u00e7m\u0131\u015ft\u0131r. &nbsp;&nbsp;&nbsp;&nbsp;&nbsp;&nbsp;&nbsp;&nbsp;\u0130nternet ortam\u0131nda ticaret yapan \u015firketlerin&nbsp;&nbsp; haks\u0131z rekabete u\u011framalar\u0131 halinde T\u00fcrk Hukukunda ki mevcut d\u00fczenlemenin uygulanmas\u0131 sorunlar\u0131n \u00e7\u00f6z\u00fcm\u00fcn\u00fc zorla\u015ft\u0131rmaktad\u0131r. Bu sebeple yeni bir<\/p>\n\t\t<\/div>\n\t\t\t\t\t<a class=\"elementor-post__read-more\" href=\"http:\/\/ozcebehukuk.com\/index.php\/2020\/09\/13\/elektronik-ortamda-haksiz-rekabet-halleri-2\/\" >\n\t\t\t\tDevam\u0131n\u0131 Oku \u00bb\t\t\t<\/a>\n\t\t\t\t<\/div>\n\t\t\t\t\t<\/div>\n\t\t<\/article>\n\t\t\t\t<article class=\"elementor-post elementor-grid-item post-41 post type-post status-publish format-standard has-post-thumbnail hentry category-sinerji\">\n\t\t\t<div class=\"elementor-post__card\">\n\t\t\t\t<a class=\"elementor-post__thumbnail__link\" href=\"http:\/\/ozcebehukuk.com\/index.php\/2020\/09\/13\/elektronik-ortamda-haksiz-rekabet-halleri-1\/\" >\n\t\t\t<div class=\"elementor-post__thumbnail\"><img width=\"750\" height=\"497\" src=\"http:\/\/ozcebehukuk.com\/wp-content\/uploads\/2020\/09\/sl1-1-1024x678.jpg\" class=\"attachment-large size-large\" alt=\"\" loading=\"lazy\" srcset=\"http:\/\/ozcebehukuk.com\/wp-content\/uploads\/2020\/09\/sl1-1-1024x678.jpg 1024w, http:\/\/ozcebehukuk.com\/wp-content\/uploads\/2020\/09\/sl1-1-300x199.jpg 300w, http:\/\/ozcebehukuk.com\/wp-content\/uploads\/2020\/09\/sl1-1-768x509.jpg 768w, http:\/\/ozcebehukuk.com\/wp-content\/uploads\/2020\/09\/sl1-1-360x240.jpg 360w, http:\/\/ozcebehukuk.com\/wp-content\/uploads\/2020\/09\/sl1-1.jpg 1280w\" sizes=\"(max-width: 750px) 100vw, 750px\" \/><\/div>\n\t\t<\/a>\n\t\t\t\t<div class=\"elementor-post__text\">\n\t\t\t\t<h3 class=\"elementor-post__title\">\n\t\t\t<a href=\"http:\/\/ozcebehukuk.com\/index.php\/2020\/09\/13\/elektronik-ortamda-haksiz-rekabet-halleri-1\/\" >\n\t\t\t\tELEKTRON\u0130K ORTAMDA HAKSIZ REKABET HALLER\u0130   (1)\t\t\t<\/a>\n\t\t<\/h3>\n\t\t\t\t<div class=\"elementor-post__excerpt\">\n\t\t\t<p>Ge\u00e7ti\u011fimiz y\u00fczy\u0131l\u0131n ikinci yar\u0131s\u0131ndan itibaren &nbsp;geli\u015fmesini s\u00fcrd\u00fcren bilgisayar teknolojisi; ki\u015filerin ve devletlerin sosyal, k\u00fclt\u00fcrel, ekonomik ve idar\u00ee etkinliklerini dijital bir ortamda ger\u00e7ekle\u015ftirebilmeleri i\u00e7in b\u00fcy\u00fck olanaklar yaratm\u0131\u015ft\u0131r. \u00d6zellikle bilgisayarlar\u0131n birbirine ba\u011flanmas\u0131 ile ortaya \u00e7\u0131kan bir a\u00e7\u0131k a\u011f (Web) sistemi olan internet; ba\u015flang\u0131\u00e7taki asker\u00ee ve akademik amac\u0131n\u0131n d\u0131\u015f\u0131nda, k\u00fcresel d\u00fczeyde her alan\u0131<\/p>\n\t\t<\/div>\n\t\t\t\t\t<a class=\"elementor-post__read-more\" href=\"http:\/\/ozcebehukuk.com\/index.php\/2020\/09\/13\/elektronik-ortamda-haksiz-rekabet-halleri-1\/\" >\n\t\t\t\tDevam\u0131n\u0131 Oku \u00bb\t\t\t<\/a>\n\t\t\t\t<\/div>\n\t\t\t\t\t<\/div>\n\t\t<\/article>\n\t\t\t\t<article class=\"elementor-post elementor-grid-item post-39 post type-post status-publish format-standard has-post-thumbnail hentry category-sinerji\">\n\t\t\t<div class=\"elementor-post__card\">\n\t\t\t\t<a class=\"elementor-post__thumbnail__link\" href=\"http:\/\/ozcebehukuk.com\/index.php\/2020\/09\/13\/haksiz-rekabete-iliskin-davalar\/\" >\n\t\t\t<div class=\"elementor-post__thumbnail\"><img width=\"750\" height=\"293\" src=\"http:\/\/ozcebehukuk.com\/wp-content\/uploads\/2020\/09\/1560556505_hukukburosu1-1024x400.jpg\" class=\"attachment-large size-large\" alt=\"\" loading=\"lazy\" srcset=\"http:\/\/ozcebehukuk.com\/wp-content\/uploads\/2020\/09\/1560556505_hukukburosu1-1024x400.jpg 1024w, http:\/\/ozcebehukuk.com\/wp-content\/uploads\/2020\/09\/1560556505_hukukburosu1-300x117.jpg 300w, http:\/\/ozcebehukuk.com\/wp-content\/uploads\/2020\/09\/1560556505_hukukburosu1-768x300.jpg 768w, http:\/\/ozcebehukuk.com\/wp-content\/uploads\/2020\/09\/1560556505_hukukburosu1-1536x600.jpg 1536w, http:\/\/ozcebehukuk.com\/wp-content\/uploads\/2020\/09\/1560556505_hukukburosu1.jpg 1920w\" sizes=\"(max-width: 750px) 100vw, 750px\" \/><\/div>\n\t\t<\/a>\n\t\t\t\t<div class=\"elementor-post__text\">\n\t\t\t\t<h3 class=\"elementor-post__title\">\n\t\t\t<a href=\"http:\/\/ozcebehukuk.com\/index.php\/2020\/09\/13\/haksiz-rekabete-iliskin-davalar\/\" >\n\t\t\t\tHAKSIZ REKABETE \u0130L\u0130\u015eK\u0130N DAVALAR\t\t\t<\/a>\n\t\t<\/h3>\n\t\t\t\t<div class=\"elementor-post__excerpt\">\n\t\t\t<p>Bundan \u00f6nceki yaz\u0131lar\u0131m\u0131zda elektronik ortamda haks\u0131z rekabet tan\u0131m\u0131 ve haks\u0131z rekabet hallerini anlatm\u0131\u015ft\u0131k bu yaz\u0131m\u0131zda ise genel olarak &nbsp;haks\u0131z rekabete u\u011framan\u0131z kar\u015f\u0131s\u0131nda a\u00e7\u0131labilecek davalar\u0131 anlataca\u011f\u0131z. Haks\u0131z rekabetin varl\u0131\u011f\u0131 durumunda haks\u0131z rekabet&nbsp; fiilini i\u015fleyen kimseye kar\u015f\u0131 TTK nun&nbsp; 56\u2019maddesinde &nbsp;\u00f6ng\u00f6r\u00fclen davalardan biri a\u00e7\u0131labilmektedir. Haks\u0131z rekabet fiilini i\u015fleyen kimse ile haks\u0131z rekabete<\/p>\n\t\t<\/div>\n\t\t\t\t\t<a class=\"elementor-post__read-more\" href=\"http:\/\/ozcebehukuk.com\/index.php\/2020\/09\/13\/haksiz-rekabete-iliskin-davalar\/\" >\n\t\t\t\tDevam\u0131n\u0131 Oku \u00bb\t\t\t<\/a>\n\t\t\t\t<\/div>\n\t\t\t\t\t<\/div>\n\t\t<\/article>\n\t\t\t\t<article class=\"elementor-post elementor-grid-item post-37 post type-post status-publish format-standard has-post-thumbnail hentry category-sinerji\">\n\t\t\t<div class=\"elementor-post__card\">\n\t\t\t\t<a class=\"elementor-post__thumbnail__link\" href=\"http:\/\/ozcebehukuk.com\/index.php\/2020\/09\/13\/calisanin-isverene-karsi-rekabet-yasagi\/\" >\n\t\t\t<div class=\"elementor-post__thumbnail\"><img width=\"750\" height=\"513\" src=\"http:\/\/ozcebehukuk.com\/wp-content\/uploads\/2020\/09\/sl1-3.jpg\" class=\"attachment-large size-large\" alt=\"\" loading=\"lazy\" srcset=\"http:\/\/ozcebehukuk.com\/wp-content\/uploads\/2020\/09\/sl1-3.jpg 1024w, http:\/\/ozcebehukuk.com\/wp-content\/uploads\/2020\/09\/sl1-3-300x205.jpg 300w, http:\/\/ozcebehukuk.com\/wp-content\/uploads\/2020\/09\/sl1-3-768x525.jpg 768w\" sizes=\"(max-width: 750px) 100vw, 750px\" \/><\/div>\n\t\t<\/a>\n\t\t\t\t<div class=\"elementor-post__text\">\n\t\t\t\t<h3 class=\"elementor-post__title\">\n\t\t\t<a href=\"http:\/\/ozcebehukuk.com\/index.php\/2020\/09\/13\/calisanin-isverene-karsi-rekabet-yasagi\/\" >\n\t\t\t\t\u00c7ALI\u015eANIN  I\u015eVERENE KAR\u015eI REKABET YASA\u011eI\t\t\t<\/a>\n\t\t<\/h3>\n\t\t\t\t<div class=\"elementor-post__excerpt\">\n\t\t\t<p>\u00c7al\u0131\u015fanlar, daha iyi \u00e7al\u0131\u015fma \u015fartlar\u0131 &nbsp;ya da daha fazla \u00fccret alabilmek vb. gibi &nbsp;hakl\u0131 sebeplerle&nbsp;&nbsp;\u015firket de\u011fi\u015fikli\u011fi&nbsp;yapabilmektedir ya da kendine yine ayn\u0131 sekt\u00f6rde bir i\u015f kurabilmektedir.Anayasam\u0131z\u0131n 48 maddesi de \u201c&nbsp;\u00c7ALI\u015eMA VE S\u00d6ZLE\u015eME H\u00dcRR\u0130YET\u0130&nbsp;\u201cni belirlemi\u015f olup&nbsp;&nbsp;;&nbsp;&nbsp;&nbsp;&nbsp;&nbsp;&nbsp;&nbsp;&nbsp;&nbsp;&nbsp;&nbsp;&nbsp;&nbsp;Herkes, diledi\u011fi alanda \u00e7al\u0131\u015fma ve s\u00f6zle\u015fme h\u00fcrriyetlerine sahiptir. \u00d6zel te\u015febb\u00fcsler kurmak serbesttir.&nbsp; &nbsp;\u015eeklinde ki\u015filerin \u00e7al\u0131\u015fma \u00f6zg\u00fcrl\u00fc\u011f\u00fcn\u00fc Anayasal<\/p>\n\t\t<\/div>\n\t\t\t\t\t<a class=\"elementor-post__read-more\" href=\"http:\/\/ozcebehukuk.com\/index.php\/2020\/09\/13\/calisanin-isverene-karsi-rekabet-yasagi\/\" >\n\t\t\t\tDevam\u0131n\u0131 Oku \u00bb\t\t\t<\/a>\n\t\t\t\t<\/div>\n\t\t\t\t\t<\/div>\n\t\t<\/article>\n\t\t\t\t<\/div>\n\t\t\t\t<\/div>\n\t\t\t\t<\/div>\n\t\t\t\t\t\t<\/div>\n\t\t\t\t\t<\/div>\n\t\t<\/div>\n\t\t\t\t\t\t\t\t<\/div>\n\t\t\t\t\t<\/div>\n\t\t<\/section>\n\t\t\t\t\t\t<\/div>\n\t\t\t\t\t\t<\/div>\n\t\t\t\t\t<\/div>\n\t\t","protected":false},"excerpt":{"rendered":"","protected":false},"author":1,"featured_media":0,"parent":0,"menu_order":0,"comment_status":"closed","ping_status":"closed","template":"page-templates\/template-pagebuilder-full-width.php","meta":[],"_links":{"self":[{"href":"http:\/\/ozcebehukuk.com\/index.php\/wp-json\/wp\/v2\/pages\/12"}],"collection":[{"href":"http:\/\/ozcebehukuk.com\/index.php\/wp-json\/wp\/v2\/pages"}],"about":[{"href":"http:\/\/ozcebehukuk.com\/index.php\/wp-json\/wp\/v2\/types\/page"}],"author":[{"embeddable":true,"href":"http:\/\/ozcebehukuk.com\/index.php\/wp-json\/wp\/v2\/users\/1"}],"replies":[{"embeddable":true,"href":"http:\/\/ozcebehukuk.com\/index.php\/wp-json\/wp\/v2\/comments?post=12"}],"version-history":[{"count":7,"href":"http:\/\/ozcebehukuk.com\/index.php\/wp-json\/wp\/v2\/pages\/12\/revisions"}],"predecessor-version":[{"id":108,"href":"http:\/\/ozcebehukuk.com\/index.php\/wp-json\/wp\/v2\/pages\/12\/revisions\/108"}],"wp:attachment":[{"href":"http:\/\/ozcebehukuk.com\/index.php\/wp-json\/wp\/v2\/media?parent=12"}],"curies":[{"name":"wp","href":"https:\/\/api.w.org\/{rel}","templated":true}]}}