{"id":14,"date":"2020-09-13T18:13:53","date_gmt":"2020-09-13T18:13:53","guid":{"rendered":"http:\/\/ozcebehukuk.com\/?page_id=14"},"modified":"2020-09-18T08:26:12","modified_gmt":"2020-09-18T08:26:12","slug":"hukuki-uyari","status":"publish","type":"page","link":"http:\/\/ozcebehukuk.com\/index.php\/hukuki-uyari\/","title":{"rendered":"Hukuki Uyar\u0131"},"content":{"rendered":"\t\t<div data-elementor-type=\"wp-page\" data-elementor-id=\"14\" class=\"elementor elementor-14\" data-elementor-settings=\"[]\">\n\t\t\t\t\t\t<div class=\"elementor-inner\">\n\t\t\t\t\t\t\t<div class=\"elementor-section-wrap\">\n\t\t\t\t\t\t\t<section class=\"elementor-section elementor-top-section elementor-element elementor-element-b766a15 elementor-section-boxed elementor-section-height-default elementor-section-height-default\" data-id=\"b766a15\" data-element_type=\"section\">\n\t\t\t\t\t\t<div class=\"elementor-container elementor-column-gap-default\">\n\t\t\t\t\t\t\t<div class=\"elementor-row\">\n\t\t\t\t\t<div class=\"elementor-column elementor-col-100 elementor-top-column elementor-element elementor-element-ff056d1\" data-id=\"ff056d1\" data-element_type=\"column\">\n\t\t\t<div class=\"elementor-column-wrap elementor-element-populated\">\n\t\t\t\t\t\t\t<div class=\"elementor-widget-wrap\">\n\t\t\t\t\t\t<div class=\"elementor-element elementor-element-7eea326 elementor-widget elementor-widget-image\" data-id=\"7eea326\" data-element_type=\"widget\" data-widget_type=\"image.default\">\n\t\t\t\t<div class=\"elementor-widget-container\">\n\t\t\t\t\t<div class=\"elementor-image\">\n\t\t\t\t\t\t\t\t\t\t<img width=\"300\" height=\"300\" src=\"http:\/\/ozcebehukuk.com\/wp-content\/uploads\/2020\/09\/uyari-627x627-1-300x300.jpg\" class=\"attachment-medium size-medium\" alt=\"\" loading=\"lazy\" srcset=\"http:\/\/ozcebehukuk.com\/wp-content\/uploads\/2020\/09\/uyari-627x627-1-300x300.jpg 300w, http:\/\/ozcebehukuk.com\/wp-content\/uploads\/2020\/09\/uyari-627x627-1-150x150.jpg 150w, http:\/\/ozcebehukuk.com\/wp-content\/uploads\/2020\/09\/uyari-627x627-1.jpg 627w\" sizes=\"(max-width: 300px) 100vw, 300px\" \/>\t\t\t\t\t\t\t\t\t\t\t<\/div>\n\t\t\t\t<\/div>\n\t\t\t\t<\/div>\n\t\t\t\t<div class=\"elementor-element elementor-element-9e0f744 elementor-widget elementor-widget-text-editor\" data-id=\"9e0f744\" data-element_type=\"widget\" data-widget_type=\"text-editor.default\">\n\t\t\t\t<div class=\"elementor-widget-container\">\n\t\t\t\t\t<div class=\"elementor-text-editor elementor-clearfix\"><p style=\"text-align: center;\"><strong>\u00d6zcebe Hukuk B\u00fcrosu<\/strong> \u0130nternet Sitesindeki bilgiler, T\u00fcrkiye Barolar Birli\u011fi&#8217;nin meslek kurallar\u0131na s\u0131k\u0131 s\u0131k\u0131ya ba\u011fl\u0131 ve \u00f6zellikle 1136 Say\u0131l\u0131 Avukatl\u0131k Kanununun getirmi\u015f oldu\u011fu h\u00fck\u00fcmler gere\u011fi reklam yasa\u011f\u0131na uygun \u015fekilde tasarlanm\u0131\u015f olup, kesinlikle avukat m\u00fcvekkil ili\u015fkisi olu\u015fturulmas\u0131na y\u00f6nelik ticari bir davet de\u011fildir. Hizmetlerimiz ve \u00e7al\u0131\u015fma alanlar\u0131m\u0131z hakk\u0131nda bilgi almak istemeniz halinde sitemizin ileti\u015fim b\u00f6l\u00fcm\u00fcndeki bilgilerden bize ula\u015fabilir ve irtibat kurabilirsiniz.<\/p><\/div>\n\t\t\t\t<\/div>\n\t\t\t\t<\/div>\n\t\t\t\t\t\t<\/div>\n\t\t\t\t\t<\/div>\n\t\t<\/div>\n\t\t\t\t\t\t\t\t<\/div>\n\t\t\t\t\t<\/div>\n\t\t<\/section>\n\t\t\t\t\t\t<\/div>\n\t\t\t\t\t\t<\/div>\n\t\t\t\t\t<\/div>\n\t\t","protected":false},"excerpt":{"rendered":"<p>\u00d6zcebe Hukuk B\u00fcrosu \u0130nternet Sitesindeki bilgiler, T\u00fcrkiye Barolar Birli\u011fi&#8217;nin meslek kurallar\u0131na s\u0131k\u0131 s\u0131k\u0131ya ba\u011fl\u0131 ve \u00f6zellikle 1136 Say\u0131l\u0131 Avukatl\u0131k Kanununun getirmi\u015f oldu\u011fu h\u00fck\u00fcmler gere\u011fi reklam yasa\u011f\u0131na uygun \u015fekilde tasarlanm\u0131\u015f olup, kesinlikle avukat m\u00fcvekkil ili\u015fkisi olu\u015fturulmas\u0131na y\u00f6nelik ticari bir davet de\u011fildir. Hizmetlerimiz ve \u00e7al\u0131\u015fma alanlar\u0131m\u0131z hakk\u0131nda bilgi almak istemeniz halinde sitemizin [&hellip;]<\/p>\n","protected":false},"author":1,"featured_media":0,"parent":0,"menu_order":0,"comment_status":"closed","ping_status":"closed","template":"page-templates\/template-pagebuilder-full-width.php","meta":[],"_links":{"self":[{"href":"http:\/\/ozcebehukuk.com\/index.php\/wp-json\/wp\/v2\/pages\/14"}],"collection":[{"href":"http:\/\/ozcebehukuk.com\/index.php\/wp-json\/wp\/v2\/pages"}],"about":[{"href":"http:\/\/ozcebehukuk.com\/index.php\/wp-json\/wp\/v2\/types\/page"}],"author":[{"embeddable":true,"href":"http:\/\/ozcebehukuk.com\/index.php\/wp-json\/wp\/v2\/users\/1"}],"replies":[{"embeddable":true,"href":"http:\/\/ozcebehukuk.com\/index.php\/wp-json\/wp\/v2\/comments?post=14"}],"version-history":[{"count":5,"href":"http:\/\/ozcebehukuk.com\/index.php\/wp-json\/wp\/v2\/pages\/14\/revisions"}],"predecessor-version":[{"id":178,"href":"http:\/\/ozcebehukuk.com\/index.php\/wp-json\/wp\/v2\/pages\/14\/revisions\/178"}],"wp:attachment":[{"href":"http:\/\/ozcebehukuk.com\/index.php\/wp-json\/wp\/v2\/media?parent=14"}],"curies":[{"name":"wp","href":"https:\/\/api.w.org\/{rel}","templated":true}]}}