{"id":8,"date":"2020-09-13T18:11:54","date_gmt":"2020-09-13T18:11:54","guid":{"rendered":"http:\/\/ozcebehukuk.com\/?page_id=8"},"modified":"2020-09-14T10:12:22","modified_gmt":"2020-09-14T10:12:22","slug":"calisma-alanlarimiz","status":"publish","type":"page","link":"http:\/\/ozcebehukuk.com\/index.php\/calisma-alanlarimiz\/","title":{"rendered":"\u00c7al\u0131\u015fma Alanlar\u0131m\u0131z"},"content":{"rendered":"\t\t<div data-elementor-type=\"wp-page\" data-elementor-id=\"8\" class=\"elementor elementor-8\" data-elementor-settings=\"[]\">\n\t\t\t\t\t\t<div class=\"elementor-inner\">\n\t\t\t\t\t\t\t<div class=\"elementor-section-wrap\">\n\t\t\t\t\t\t\t<section class=\"elementor-section elementor-top-section elementor-element elementor-element-6ce2aeb elementor-section-boxed elementor-section-height-default elementor-section-height-default\" data-id=\"6ce2aeb\" data-element_type=\"section\">\n\t\t\t\t\t\t<div class=\"elementor-container elementor-column-gap-default\">\n\t\t\t\t\t\t\t<div class=\"elementor-row\">\n\t\t\t\t\t<div class=\"elementor-column elementor-col-100 elementor-top-column elementor-element elementor-element-92b1b3e\" data-id=\"92b1b3e\" data-element_type=\"column\">\n\t\t\t<div class=\"elementor-column-wrap\">\n\t\t\t\t\t\t\t<div class=\"elementor-widget-wrap\">\n\t\t\t\t\t\t\t\t<\/div>\n\t\t\t\t\t<\/div>\n\t\t<\/div>\n\t\t\t\t\t\t\t\t<\/div>\n\t\t\t\t\t<\/div>\n\t\t<\/section>\n\t\t\t\t<section class=\"elementor-section elementor-top-section elementor-element elementor-element-9238688 elementor-section-boxed elementor-section-height-default elementor-section-height-default elementor-invisible\" data-id=\"9238688\" data-element_type=\"section\" data-settings=\"{&quot;animation&quot;:&quot;zoomIn&quot;}\">\n\t\t\t\t\t\t<div class=\"elementor-container elementor-column-gap-default\">\n\t\t\t\t\t\t\t<div class=\"elementor-row\">\n\t\t\t\t\t<div class=\"elementor-column elementor-col-33 elementor-top-column elementor-element elementor-element-dec44ce\" data-id=\"dec44ce\" data-element_type=\"column\">\n\t\t\t<div class=\"elementor-column-wrap elementor-element-populated\">\n\t\t\t\t\t\t\t<div class=\"elementor-widget-wrap\">\n\t\t\t\t\t\t<div class=\"elementor-element elementor-element-ee93bc2 elementor-view-default elementor-position-top elementor-vertical-align-top elementor-widget elementor-widget-icon-box\" data-id=\"ee93bc2\" data-element_type=\"widget\" data-widget_type=\"icon-box.default\">\n\t\t\t\t<div class=\"elementor-widget-container\">\n\t\t\t\t\t<div class=\"elementor-icon-box-wrapper\">\n\t\t\t\t\t\t<div class=\"elementor-icon-box-icon\">\n\t\t\t\t<span class=\"elementor-icon elementor-animation-\" >\n\t\t\t\t<i aria-hidden=\"true\" class=\"fas fa-users\"><\/i>\t\t\t\t<\/span>\n\t\t\t<\/div>\n\t\t\t\t\t\t<div class=\"elementor-icon-box-content\">\n\t\t\t\t<h3 class=\"elementor-icon-box-title\">\n\t\t\t\t\t<span >Ticaret Hukuku<\/span>\n\t\t\t\t<\/h3>\n\t\t\t\t\t\t\t\t<p class=\"elementor-icon-box-description\">\u0130ki taraf aras\u0131ndaki hukuku i\u015flemleri ele alan hukuk birimidir. Tacirlerin sahip oldu\u011fu haklar\u0131 yasalar dahilinde koruma alt\u0131na alan ticaret hukuku, i\u015fletme sahipleri ve al\u0131c\u0131lar i\u00e7in b\u00fcy\u00fck \u00f6nem ta\u015f\u0131yor ve ki\u015filerin kanun kar\u015f\u0131s\u0131nda ne gibi haklara sahip oldu\u011funu da daha detayl\u0131 bir \u015fekilde ortaya koyuyor. \u0130nsan ili\u015fkilerindeki ekonomik faaliyetleri ele alan ve bu \u015fekilde de tan\u0131m\u0131 yap\u0131labilecek olan ticari hukuk, geni\u015f kapsaml\u0131 hukuk birimlerinden bir tanesidir.<\/p>\n\t\t\t\t\t\t\t<\/div>\n\t\t<\/div>\n\t\t\t\t<\/div>\n\t\t\t\t<\/div>\n\t\t\t\t\t\t<\/div>\n\t\t\t\t\t<\/div>\n\t\t<\/div>\n\t\t\t\t<div class=\"elementor-column elementor-col-33 elementor-top-column elementor-element elementor-element-eabb4f4\" data-id=\"eabb4f4\" data-element_type=\"column\">\n\t\t\t<div class=\"elementor-column-wrap elementor-element-populated\">\n\t\t\t\t\t\t\t<div class=\"elementor-widget-wrap\">\n\t\t\t\t\t\t<div class=\"elementor-element elementor-element-2eac4d2 elementor-view-default elementor-position-top elementor-vertical-align-top elementor-widget elementor-widget-icon-box\" data-id=\"2eac4d2\" data-element_type=\"widget\" data-widget_type=\"icon-box.default\">\n\t\t\t\t<div class=\"elementor-widget-container\">\n\t\t\t\t\t<div class=\"elementor-icon-box-wrapper\">\n\t\t\t\t\t\t<div class=\"elementor-icon-box-icon\">\n\t\t\t\t<span class=\"elementor-icon elementor-animation-\" >\n\t\t\t\t<i aria-hidden=\"true\" class=\"far fa-money-bill-alt\"><\/i>\t\t\t\t<\/span>\n\t\t\t<\/div>\n\t\t\t\t\t\t<div class=\"elementor-icon-box-content\">\n\t\t\t\t<h3 class=\"elementor-icon-box-title\">\n\t\t\t\t\t<span >Bor\u00e7lar Hukuku<\/span>\n\t\t\t\t<\/h3>\n\t\t\t\t\t\t\t\t<p class=\"elementor-icon-box-description\">Taraflar aras\u0131ndaki bor\u00e7 ili\u015fkisini yasal olarak ele alan ve her iki taraf\u0131n haklar\u0131n\u0131 s\u0131n\u0131rlayan\/belirleyen hukuk birlim dal\u0131na bor\u00e7lar hukuku ad\u0131 verilmi\u015ftir. Alacakl\u0131 ve bor\u00e7lunun birbirlerine kar\u015f\u0131 olan sorumluluklar\u0131n\u0131 yasal olarak ifade eden hukuk bilimi, ya\u015fanan sorunlarda yasalar\u0131n ne s\u00f6yledi\u011fini ve nas\u0131l hareket edilmesi gerekti\u011fini ifade ediyor. Her iki taraf\u0131n sahip oldu\u011fu haklar ve bu haklar\u0131 hangi durumlarda ne \u015fekilde kullanabilecekleri de bor\u00e7lar hukuku ile birlikte resmiyete d\u00f6k\u00fclm\u00fc\u015ft\u00fcr.<\/p>\n\t\t\t\t\t\t\t<\/div>\n\t\t<\/div>\n\t\t\t\t<\/div>\n\t\t\t\t<\/div>\n\t\t\t\t\t\t<\/div>\n\t\t\t\t\t<\/div>\n\t\t<\/div>\n\t\t\t\t<div class=\"elementor-column elementor-col-33 elementor-top-column elementor-element elementor-element-40e71ce\" data-id=\"40e71ce\" data-element_type=\"column\">\n\t\t\t<div class=\"elementor-column-wrap elementor-element-populated\">\n\t\t\t\t\t\t\t<div class=\"elementor-widget-wrap\">\n\t\t\t\t\t\t<div class=\"elementor-element elementor-element-3477d11 elementor-view-default elementor-position-top elementor-vertical-align-top elementor-widget elementor-widget-icon-box\" data-id=\"3477d11\" data-element_type=\"widget\" data-widget_type=\"icon-box.default\">\n\t\t\t\t<div class=\"elementor-widget-container\">\n\t\t\t\t\t<div class=\"elementor-icon-box-wrapper\">\n\t\t\t\t\t\t<div class=\"elementor-icon-box-icon\">\n\t\t\t\t<span class=\"elementor-icon elementor-animation-\" >\n\t\t\t\t<i aria-hidden=\"true\" class=\"fas fa-university\"><\/i>\t\t\t\t<\/span>\n\t\t\t<\/div>\n\t\t\t\t\t\t<div class=\"elementor-icon-box-content\">\n\t\t\t\t<h3 class=\"elementor-icon-box-title\">\n\t\t\t\t\t<span >Medeni Hukuk<\/span>\n\t\t\t\t<\/h3>\n\t\t\t\t\t\t\t\t<p class=\"elementor-icon-box-description\">T\u00fcrk hukuk yarg\u0131lama y\u00f6ntem\/usul\/i\u015fleyi\u015fini konu alarak incelemede bulunan ve bunu belli bir \u00e7er\u00e7evede de\u011ferlendiren hukuk dal\u0131na medeni usul hukuku ad\u0131 veriliyor. Medeni usul hukuku, yarg\u0131lama ve yarg\u0131lama s\u00fcrecinin hangi \u015fekillerde ve nas\u0131l y\u00fcr\u00fct\u00fclece\u011fini esas olarak almaktad\u0131r. An itibar\u0131yla kaynak olarak 6100 say\u0131l\u0131 kanunu baz al\u0131r. 01.10.2011 tarihinde y\u00fcr\u00fcrl\u00fc\u011fe girmi\u015f olan HMK, temel olarak esas al\u0131nm\u0131\u015ft\u0131r. Bir\u00e7ok kez de\u011fi\u015fikli\u011fe u\u011frayan bu kaynak, g\u00fcncel haline ula\u015fm\u0131\u015f ve a\u00e7\u0131klar\u0131n kapat\u0131ld\u0131\u011f\u0131 daha g\u00fc\u00e7l\u00fc bir esas haline d\u00f6n\u00fc\u015fm\u00fc\u015ft\u00fcr.<\/p>\n\t\t\t\t\t\t\t<\/div>\n\t\t<\/div>\n\t\t\t\t<\/div>\n\t\t\t\t<\/div>\n\t\t\t\t\t\t<\/div>\n\t\t\t\t\t<\/div>\n\t\t<\/div>\n\t\t\t\t\t\t\t\t<\/div>\n\t\t\t\t\t<\/div>\n\t\t<\/section>\n\t\t\t\t<section class=\"elementor-section elementor-top-section elementor-element elementor-element-4bd18bc elementor-section-boxed elementor-section-height-default elementor-section-height-default elementor-invisible\" data-id=\"4bd18bc\" data-element_type=\"section\" data-settings=\"{&quot;animation&quot;:&quot;fadeInLeft&quot;}\">\n\t\t\t\t\t\t<div class=\"elementor-container elementor-column-gap-default\">\n\t\t\t\t\t\t\t<div class=\"elementor-row\">\n\t\t\t\t\t<div class=\"elementor-column elementor-col-33 elementor-top-column elementor-element elementor-element-98d0832\" data-id=\"98d0832\" data-element_type=\"column\">\n\t\t\t<div class=\"elementor-column-wrap elementor-element-populated\">\n\t\t\t\t\t\t\t<div class=\"elementor-widget-wrap\">\n\t\t\t\t\t\t<div class=\"elementor-element elementor-element-ed4dd50 elementor-view-default elementor-position-top elementor-vertical-align-top elementor-widget elementor-widget-icon-box\" data-id=\"ed4dd50\" data-element_type=\"widget\" data-widget_type=\"icon-box.default\">\n\t\t\t\t<div class=\"elementor-widget-container\">\n\t\t\t\t\t<div class=\"elementor-icon-box-wrapper\">\n\t\t\t\t\t\t<div class=\"elementor-icon-box-icon\">\n\t\t\t\t<span class=\"elementor-icon elementor-animation-\" >\n\t\t\t\t<i aria-hidden=\"true\" class=\"far fa-handshake\"><\/i>\t\t\t\t<\/span>\n\t\t\t<\/div>\n\t\t\t\t\t\t<div class=\"elementor-icon-box-content\">\n\t\t\t\t<h3 class=\"elementor-icon-box-title\">\n\t\t\t\t\t<span >\u0130\u015f Hukuku ve Mevzuat\u0131<\/span>\n\t\t\t\t<\/h3>\n\t\t\t\t\t\t\t\t<p class=\"elementor-icon-box-description\">\u0130\u015f hukuku, i\u015f\u00e7i haklar\u0131, \u00e7al\u0131\u015fma ko\u015fullar\u0131, i\u015f\u00e7i \u00fccretleri, i\u015f\u00e7i sendikalar\u0131 ve i\u015fveren-i\u015f\u00e7i ili\u015fkileri ile ilgili konular\u0131 inceleyen hukuk dal\u0131. \u0130\u015f hukuku Kara Avrupas\u0131 hukuk sistemlerine dahil \u00fclkelerde genellikle milli i\u015f kanunlar\u0131 ile d\u00fczenlenir. \u0130\u015f uyu\u015fmazl\u0131klar\u0131 kural olarak i\u015f mahkemelerinde g\u00f6r\u00fclmektedir.<\/p>\n\t\t\t\t\t\t\t<\/div>\n\t\t<\/div>\n\t\t\t\t<\/div>\n\t\t\t\t<\/div>\n\t\t\t\t\t\t<\/div>\n\t\t\t\t\t<\/div>\n\t\t<\/div>\n\t\t\t\t<div class=\"elementor-column elementor-col-33 elementor-top-column elementor-element elementor-element-6441fd6\" data-id=\"6441fd6\" data-element_type=\"column\">\n\t\t\t<div class=\"elementor-column-wrap elementor-element-populated\">\n\t\t\t\t\t\t\t<div class=\"elementor-widget-wrap\">\n\t\t\t\t\t\t<div class=\"elementor-element elementor-element-662532d elementor-view-default elementor-position-top elementor-vertical-align-top elementor-widget elementor-widget-icon-box\" data-id=\"662532d\" data-element_type=\"widget\" data-widget_type=\"icon-box.default\">\n\t\t\t\t<div class=\"elementor-widget-container\">\n\t\t\t\t\t<div class=\"elementor-icon-box-wrapper\">\n\t\t\t\t\t\t<div class=\"elementor-icon-box-icon\">\n\t\t\t\t<span class=\"elementor-icon elementor-animation-\" >\n\t\t\t\t<i aria-hidden=\"true\" class=\"fas fa-wave-square\"><\/i>\t\t\t\t<\/span>\n\t\t\t<\/div>\n\t\t\t\t\t\t<div class=\"elementor-icon-box-content\">\n\t\t\t\t<h3 class=\"elementor-icon-box-title\">\n\t\t\t\t\t<span >Enerji Piyasas\u0131 ve Mevzuat\u0131<\/span>\n\t\t\t\t<\/h3>\n\t\t\t\t\t\t\t\t<p class=\"elementor-icon-box-description\">Elektrik Piyasas\u0131, elektrik enerjisinin \u00fcretim, iletim, da\u011f\u0131t\u0131m, piyasa i\u015fletimi, toptan sat\u0131\u015f, perakende sat\u0131\u015f, ithalat ve ihracat faaliyetleri ile bu faaliyetlere ili\u015fkin i\u015f ve i\u015flemlerden olu\u015fan bir piyasad\u0131r.<\/p>\n\t\t\t\t\t\t\t<\/div>\n\t\t<\/div>\n\t\t\t\t<\/div>\n\t\t\t\t<\/div>\n\t\t\t\t\t\t<\/div>\n\t\t\t\t\t<\/div>\n\t\t<\/div>\n\t\t\t\t<div class=\"elementor-column elementor-col-33 elementor-top-column elementor-element elementor-element-e9fef42\" data-id=\"e9fef42\" data-element_type=\"column\">\n\t\t\t<div class=\"elementor-column-wrap elementor-element-populated\">\n\t\t\t\t\t\t\t<div class=\"elementor-widget-wrap\">\n\t\t\t\t\t\t<div class=\"elementor-element elementor-element-6dc9bd5 elementor-view-default elementor-position-top elementor-vertical-align-top elementor-widget elementor-widget-icon-box\" data-id=\"6dc9bd5\" data-element_type=\"widget\" data-widget_type=\"icon-box.default\">\n\t\t\t\t<div class=\"elementor-widget-container\">\n\t\t\t\t\t<div class=\"elementor-icon-box-wrapper\">\n\t\t\t\t\t\t<div class=\"elementor-icon-box-icon\">\n\t\t\t\t<span class=\"elementor-icon elementor-animation-\" >\n\t\t\t\t<i aria-hidden=\"true\" class=\"fas fa-user-nurse\"><\/i>\t\t\t\t<\/span>\n\t\t\t<\/div>\n\t\t\t\t\t\t<div class=\"elementor-icon-box-content\">\n\t\t\t\t<h3 class=\"elementor-icon-box-title\">\n\t\t\t\t\t<span >\u0130dare Hukuku<\/span>\n\t\t\t\t<\/h3>\n\t\t\t\t\t\t\t\t<p class=\"elementor-icon-box-description\">Kamuya tan\u0131nm\u0131\u015f olan \u00fcst\u00fcnl\u00fc\u011f\u00fcn, \u00fclkede ya\u015fayan bireylerin hak ve h\u00fcrriyetleri ile dengelenmesini ele alan hukuk birimidir. Anayasay\u0131 baz ald\u0131\u011f\u0131n\u0131 ve temel belirledi\u011fini de belirtmek gerekiyor. \u0130lgili yap\u0131n\u0131n ve idarenin faaliyetlerini de ele alan ve inceleyen bu hukuk birimi, ayn\u0131 zamanda \u00f6rg\u00fctlenmeye ili\u015fkin kurallar\u0131 da bar\u0131nd\u0131rmaktad\u0131r.\n<\/p>\n\t\t\t\t\t\t\t<\/div>\n\t\t<\/div>\n\t\t\t\t<\/div>\n\t\t\t\t<\/div>\n\t\t\t\t\t\t<\/div>\n\t\t\t\t\t<\/div>\n\t\t<\/div>\n\t\t\t\t\t\t\t\t<\/div>\n\t\t\t\t\t<\/div>\n\t\t<\/section>\n\t\t\t\t<section class=\"elementor-section elementor-top-section elementor-element elementor-element-206e515 elementor-section-boxed elementor-section-height-default elementor-section-height-default elementor-invisible\" data-id=\"206e515\" data-element_type=\"section\" data-settings=\"{&quot;animation&quot;:&quot;fadeInUp&quot;}\">\n\t\t\t\t\t\t<div class=\"elementor-container elementor-column-gap-default\">\n\t\t\t\t\t\t\t<div class=\"elementor-row\">\n\t\t\t\t\t<div class=\"elementor-column elementor-col-33 elementor-top-column elementor-element elementor-element-40698d1\" data-id=\"40698d1\" data-element_type=\"column\">\n\t\t\t<div class=\"elementor-column-wrap elementor-element-populated\">\n\t\t\t\t\t\t\t<div class=\"elementor-widget-wrap\">\n\t\t\t\t\t\t<div class=\"elementor-element elementor-element-47bbbfc elementor-view-default elementor-position-top elementor-vertical-align-top elementor-widget elementor-widget-icon-box\" data-id=\"47bbbfc\" data-element_type=\"widget\" data-widget_type=\"icon-box.default\">\n\t\t\t\t<div class=\"elementor-widget-container\">\n\t\t\t\t\t<div class=\"elementor-icon-box-wrapper\">\n\t\t\t\t\t\t<div class=\"elementor-icon-box-icon\">\n\t\t\t\t<span class=\"elementor-icon elementor-animation-\" >\n\t\t\t\t<i aria-hidden=\"true\" class=\"fas fa-user-secret\"><\/i>\t\t\t\t<\/span>\n\t\t\t<\/div>\n\t\t\t\t\t\t<div class=\"elementor-icon-box-content\">\n\t\t\t\t<h3 class=\"elementor-icon-box-title\">\n\t\t\t\t\t<span >5607 Say\u0131l\u0131 Ka\u00e7ak\u00e7\u0131l\u0131kla M\u00fccadele Kanunu<\/span>\n\t\t\t\t<\/h3>\n\t\t\t\t\t\t\t\t<p class=\"elementor-icon-box-description\">Bu Kanunun amac\u0131, ka\u00e7ak\u00e7\u0131l\u0131k fiilleri ve yapt\u0131r\u0131mlar\u0131 ile ka\u00e7ak\u00e7\u0131l\u0131\u011f\u0131 \u00f6nleme, izleme, ara\u015ft\u0131rma us\u00fbl ve esaslar\u0131n\u0131 belirlemektir.<\/p>\n\t\t\t\t\t\t\t<\/div>\n\t\t<\/div>\n\t\t\t\t<\/div>\n\t\t\t\t<\/div>\n\t\t\t\t\t\t<\/div>\n\t\t\t\t\t<\/div>\n\t\t<\/div>\n\t\t\t\t<div class=\"elementor-column elementor-col-33 elementor-top-column elementor-element elementor-element-c713994\" data-id=\"c713994\" data-element_type=\"column\">\n\t\t\t<div class=\"elementor-column-wrap elementor-element-populated\">\n\t\t\t\t\t\t\t<div class=\"elementor-widget-wrap\">\n\t\t\t\t\t\t<div class=\"elementor-element elementor-element-565048d elementor-view-default elementor-position-top elementor-vertical-align-top elementor-widget elementor-widget-icon-box\" data-id=\"565048d\" data-element_type=\"widget\" data-widget_type=\"icon-box.default\">\n\t\t\t\t<div class=\"elementor-widget-container\">\n\t\t\t\t\t<div class=\"elementor-icon-box-wrapper\">\n\t\t\t\t\t\t<div class=\"elementor-icon-box-icon\">\n\t\t\t\t<span class=\"elementor-icon elementor-animation-\" >\n\t\t\t\t<i aria-hidden=\"true\" class=\"fas fa-truck-moving\"><\/i>\t\t\t\t<\/span>\n\t\t\t<\/div>\n\t\t\t\t\t\t<div class=\"elementor-icon-box-content\">\n\t\t\t\t<h3 class=\"elementor-icon-box-title\">\n\t\t\t\t\t<span >4458 Say\u0131l\u0131 G\u00fcmr\u00fck Kanunu Kaynakl\u0131 Cezalar<\/span>\n\t\t\t\t<\/h3>\n\t\t\t\t\t\t\t\t<p class=\"elementor-icon-box-description\">27 Ekim 1999 tarihinde TBMM taraf\u0131ndan kabul edilen, 4458 say\u0131l\u0131 kanundur ve T\u00fcrkiye'nin g\u00fcmr\u00fck konular\u0131nda esas olan hukuk kayna\u011f\u0131d\u0131r. ... Madde 1- Bu Kanunun amac\u0131, T\u00fcrkiye Cumhuriyeti G\u00fcmr\u00fck B\u00f6lgesine giren ve \u00e7\u0131kan e\u015fyaya ve ta\u015f\u0131t ara\u00e7lar\u0131na uygulanacak g\u00fcmr\u00fck kurallar\u0131n\u0131 belirlemektir.<\/p>\n\t\t\t\t\t\t\t<\/div>\n\t\t<\/div>\n\t\t\t\t<\/div>\n\t\t\t\t<\/div>\n\t\t\t\t\t\t<\/div>\n\t\t\t\t\t<\/div>\n\t\t<\/div>\n\t\t\t\t<div class=\"elementor-column elementor-col-33 elementor-top-column elementor-element elementor-element-061de90\" data-id=\"061de90\" data-element_type=\"column\">\n\t\t\t<div class=\"elementor-column-wrap elementor-element-populated\">\n\t\t\t\t\t\t\t<div class=\"elementor-widget-wrap\">\n\t\t\t\t\t\t<div class=\"elementor-element elementor-element-da26570 elementor-view-default elementor-position-top elementor-vertical-align-top elementor-widget elementor-widget-icon-box\" data-id=\"da26570\" data-element_type=\"widget\" data-widget_type=\"icon-box.default\">\n\t\t\t\t<div class=\"elementor-widget-container\">\n\t\t\t\t\t<div class=\"elementor-icon-box-wrapper\">\n\t\t\t\t\t\t<div class=\"elementor-icon-box-icon\">\n\t\t\t\t<span class=\"elementor-icon elementor-animation-\" >\n\t\t\t\t<i aria-hidden=\"true\" class=\"fas fa-cogs\"><\/i>\t\t\t\t<\/span>\n\t\t\t<\/div>\n\t\t\t\t\t\t<div class=\"elementor-icon-box-content\">\n\t\t\t\t<h3 class=\"elementor-icon-box-title\">\n\t\t\t\t\t<span >4562 Say\u0131l\u0131 Organize Sanayi B\u00f6lgeleri Kanunu<\/span>\n\t\t\t\t<\/h3>\n\t\t\t\t\t\t\t\t<p class=\"elementor-icon-box-description\">Bu Kanun, organize sanayi b\u00f6lgelerinin ve \u00fcst kurulu\u015flar\u0131n\u0131n olu\u015fumunu, organlar\u0131n\u0131, i\u015fleyi\u015fini, y\u00f6netim ve denetimini d\u00fczenleyen h\u00fck\u00fcmler ile bunlarla ilgili ki\u015fi ve kurulu\u015flar\u0131n g\u00f6rev, yetki ve sorumluluklar\u0131n\u0131 belirleyen h\u00fck\u00fcmleri kapsar.<\/p>\n\t\t\t\t\t\t\t<\/div>\n\t\t<\/div>\n\t\t\t\t<\/div>\n\t\t\t\t<\/div>\n\t\t\t\t\t\t<\/div>\n\t\t\t\t\t<\/div>\n\t\t<\/div>\n\t\t\t\t\t\t\t\t<\/div>\n\t\t\t\t\t<\/div>\n\t\t<\/section>\n\t\t\t\t\t\t<\/div>\n\t\t\t\t\t\t<\/div>\n\t\t\t\t\t<\/div>\n\t\t","protected":false},"excerpt":{"rendered":"<p>Ticaret Hukuku \u0130ki taraf aras\u0131ndaki hukuku i\u015flemleri ele alan hukuk birimidir. Tacirlerin sahip oldu\u011fu haklar\u0131 yasalar dahilinde koruma alt\u0131na alan ticaret hukuku, i\u015fletme sahipleri ve al\u0131c\u0131lar i\u00e7in b\u00fcy\u00fck \u00f6nem ta\u015f\u0131yor ve ki\u015filerin kanun kar\u015f\u0131s\u0131nda ne gibi haklara sahip oldu\u011funu da daha detayl\u0131 bir \u015fekilde ortaya koyuyor. \u0130nsan ili\u015fkilerindeki ekonomik faaliyetleri [&hellip;]<\/p>\n","protected":false},"author":1,"featured_media":0,"parent":0,"menu_order":0,"comment_status":"closed","ping_status":"closed","template":"page-templates\/template-pagebuilder-full-width.php","meta":[],"_links":{"self":[{"href":"http:\/\/ozcebehukuk.com\/index.php\/wp-json\/wp\/v2\/pages\/8"}],"collection":[{"href":"http:\/\/ozcebehukuk.com\/index.php\/wp-json\/wp\/v2\/pages"}],"about":[{"href":"http:\/\/ozcebehukuk.com\/index.php\/wp-json\/wp\/v2\/types\/page"}],"author":[{"embeddable":true,"href":"http:\/\/ozcebehukuk.com\/index.php\/wp-json\/wp\/v2\/users\/1"}],"replies":[{"embeddable":true,"href":"http:\/\/ozcebehukuk.com\/index.php\/wp-json\/wp\/v2\/comments?post=8"}],"version-history":[{"count":15,"href":"http:\/\/ozcebehukuk.com\/index.php\/wp-json\/wp\/v2\/pages\/8\/revisions"}],"predecessor-version":[{"id":152,"href":"http:\/\/ozcebehukuk.com\/index.php\/wp-json\/wp\/v2\/pages\/8\/revisions\/152"}],"wp:attachment":[{"href":"http:\/\/ozcebehukuk.com\/index.php\/wp-json\/wp\/v2\/media?parent=8"}],"curies":[{"name":"wp","href":"https:\/\/api.w.org\/{rel}","templated":true}]}}